{"id":317,"date":"2022-08-12T06:54:47","date_gmt":"2022-08-12T04:54:47","guid":{"rendered":"https:\/\/gis-hub.whptest.uzh.ch\/apps\/?page_id=6"},"modified":"2025-05-23T12:11:07","modified_gmt":"2025-05-23T10:11:07","slug":"home","status":"publish","type":"page","link":"https:\/\/www.gis-hub.uzh.ch\/de\/","title":{"rendered":"Home"},"content":{"rendered":"<p class=\"has-text-align-center has-huge-font-size\"><strong>Willkommen beim GIS Hub!<\/strong><\/p>\n\n\n\n<p class=\"translation-block\">Brauchen Sie eine einfache Karte, um Ihr Paper oder Essay zu illustrieren? Arbeiten Sie mit Quellen, die r\u00e4umliche Informationen beinhalten? Setzen Sie sich in Ihrem Forschungsalltag mit Fragen nach dem Wo auseinander? Sind Sie unsicher, wie Sie mit <a href=\"https:\/\/www.youtube.com\/watch?v=6T1A4l0pcWE\" target=\"_blank\" aria-label=\"spatial autocorrelation (opens in a new tab)\" rel=\"noreferrer noopener\" class=\"ek-link\">r\u00e4umlicher Autokorrelation<\/a> in Ihren Daten umgehen sollen? Dann sind Sie bei uns genau richtig!<\/p>\n\n\n\n<div class=\"wp-block-columns is-layout-flex wp-container-core-columns-is-layout-28f84493 wp-block-columns-is-layout-flex\">\n<div class=\"wp-block-column is-layout-flow wp-block-column-is-layout-flow\"><section class=\"wp-block-ub-post-grid ub-block-post-grid align  preserve-post-image-aspect-ratio\" style=\"\" id=\"ub-post-grid-2f427c6c-0a6c-4e0c-a21a-20eb325257b9\"><div class=\"ub-post-grid-items is-grid columns-1\" style=\"row-gap: 32px; column-gap: 0px; \"><article id=\"post-1910\" class=\"ub-post-grid-item post-1910 post type-post status-publish format-standard has-post-thumbnail hentry category-digital-editions category-uncategorized tag-arcgis tag-geographic-visualisation tag-johann-caspar-lavater tag-letters entry\" style=\"padding-top: var(--wp--preset--spacing--40); padding-left: var(--wp--preset--spacing--20); padding-right: var(--wp--preset--spacing--20); padding-bottom: var(--wp--preset--spacing--40); --ub-post-grid-post-background: #8ed1fc; --ub-post-grid-post-hover-background: #fcb900; \"><div class=\"ub-block-post-grid-text\" style=\"padding-top: 0.3rem; padding-bottom: 0.3rem; \"><div class=\"ub-block-post-grid-header-content\"><header class=\"ub-block-post-grid-header\"><h4 class=\"ub-block-post-grid-title\"><a style=\"\" href=\"https:\/\/www.gis-hub.uzh.ch\/de\/schneller-als-die-postkutsche-erlaubt\/\" rel=\"bookmark\">Schneller als die Postkutsche erlaubt?<\/a><\/h4><time datetime=\"2025-02-03T11:59:53+01:00\" class=\"ub-block-post-grid-date\" style=\"\" itemprop=\"datePublished\">Februar 3, 2025<\/time><\/header><\/div><div class=\"ub-block-post-grid-excerpt\"><p><a class=\"ub-block-post-grid-more-link ub-text-link\" style=\"\" href=\"https:\/\/www.gis-hub.uzh.ch\/de\/schneller-als-die-postkutsche-erlaubt\/\" rel=\"bookmark\">Weiterlesen <span class=\"screen-reader-text\">Schneller als die Postkutsche erlaubt?<\/span><\/a><\/p><\/div><\/div><\/article>\n<\/div><\/section><\/div>\n\n\n\n<div class=\"wp-block-column has-huge-font-size is-layout-flow wp-block-column-is-layout-flow\">\n<div class=\"wp-block-cover is-light ek-linked-block\" style=\"min-height:219px;aspect-ratio:unset;\"><img loading=\"lazy\" decoding=\"async\" width=\"948\" height=\"459\" class=\"wp-block-cover__image-background wp-image-30\" alt=\"\" src=\"https:\/\/www.gis-hub.uzh.ch\/wp-content\/uploads\/2022\/09\/Workshops-pexels-fauxels-3183197_small-e1661157846361.jpg\" data-object-fit=\"cover\" srcset=\"https:\/\/www.gis-hub.uzh.ch\/wp-content\/uploads\/2022\/09\/Workshops-pexels-fauxels-3183197_small-e1661157846361.jpg 948w, https:\/\/www.gis-hub.uzh.ch\/wp-content\/uploads\/2022\/09\/Workshops-pexels-fauxels-3183197_small-e1661157846361-300x145.jpg 300w, https:\/\/www.gis-hub.uzh.ch\/wp-content\/uploads\/2022\/09\/Workshops-pexels-fauxels-3183197_small-e1661157846361-768x372.jpg 768w, https:\/\/www.gis-hub.uzh.ch\/wp-content\/uploads\/2022\/09\/Workshops-pexels-fauxels-3183197_small-e1661157846361-18x9.jpg 18w\" sizes=\"auto, (max-width: 948px) 100vw, 948px\" \/><span aria-hidden=\"true\" class=\"wp-block-cover__background has-background-dim\" style=\"background-color:#a8a29d\"><\/span><div class=\"wp-block-cover__inner-container is-layout-flow wp-block-cover-is-layout-flow\">\n<p class=\"has-text-align-right has-background-color has-text-color has-huge-font-size\" style=\"font-style:normal;font-weight:800;letter-spacing:2.5px\"><strong><mark style=\"background-color:rgba(0, 0, 0, 0)\" class=\"has-inline-color has-background-color\">Events<\/mark><\/strong><\/p>\n\n\n\n<p class=\"has-text-align-left has-background-color has-text-color has-link-color wp-elements-fa2268fa69f9e71101f8485c8f132db7\" style=\"font-size:16px;font-style:normal;font-weight:700\"><a href=\"https:\/\/www.gis-hub.uzh.ch\/de\/events-calendar\/\" data-type=\"page\" data-id=\"319\">Improve your GIS skills in 2025!<\/a><\/p>\n<\/div><a href=\"https:\/\/www.gis-hub.uzh.ch\/de\/events-calendar\/\" class=\"editorskit-block-link\" rel=\"\"><\/a><\/div>\n<\/div>\n<\/div>\n\n\n\n<div class=\"wp-block-columns is-layout-flex wp-container-core-columns-is-layout-28f84493 wp-block-columns-is-layout-flex\">\n<div class=\"wp-block-column is-layout-flow wp-block-column-is-layout-flow\">\n<div class=\"wp-block-cover ek-linked-block\" style=\"min-height:200px;aspect-ratio:unset;\"><img loading=\"lazy\" decoding=\"async\" width=\"1024\" height=\"678\" class=\"wp-block-cover__image-background wp-image-200\" alt=\"\" src=\"https:\/\/www.gis-hub.uzh.ch\/wp-content\/uploads\/2022\/08\/pexels-lukas-574069_small-1024x678.jpg\" data-object-fit=\"cover\" srcset=\"https:\/\/www.gis-hub.uzh.ch\/wp-content\/uploads\/2022\/08\/pexels-lukas-574069_small-1024x678.jpg 1024w, https:\/\/www.gis-hub.uzh.ch\/wp-content\/uploads\/2022\/08\/pexels-lukas-574069_small-300x199.jpg 300w, https:\/\/www.gis-hub.uzh.ch\/wp-content\/uploads\/2022\/08\/pexels-lukas-574069_small-768x509.jpg 768w, https:\/\/www.gis-hub.uzh.ch\/wp-content\/uploads\/2022\/08\/pexels-lukas-574069_small-1536x1017.jpg 1536w, https:\/\/www.gis-hub.uzh.ch\/wp-content\/uploads\/2022\/08\/pexels-lukas-574069_small-18x12.jpg 18w, https:\/\/www.gis-hub.uzh.ch\/wp-content\/uploads\/2022\/08\/pexels-lukas-574069_small-1568x1038.jpg 1568w, https:\/\/www.gis-hub.uzh.ch\/wp-content\/uploads\/2022\/08\/pexels-lukas-574069_small.jpg 1779w\" sizes=\"auto, (max-width: 1024px) 100vw, 1024px\" \/><span aria-hidden=\"true\" class=\"wp-block-cover__background has-background-dim\"><\/span><div class=\"wp-block-cover__inner-container is-layout-flow wp-block-cover-is-layout-flow\">\n<p class=\"has-text-align-center has-large-font-size\"><strong>Infrastruktur, Tutorials &amp; Daten<\/strong><\/p>\n<\/div><a href=\"https:\/\/www.gis-hub.uzh.ch\/de\/data-tutorials-and-infrastructure\/\" class=\"editorskit-block-link\" target=\"_blank\" rel=\" noreferrer noopener\"><\/a><\/div>\n<\/div>\n\n\n\n<div class=\"wp-block-column is-layout-flow wp-block-column-is-layout-flow\">\n<div class=\"wp-block-cover has-custom-content-position is-position-top-right ek-linked-block\" style=\"min-height:199px;aspect-ratio:unset;\"><img loading=\"lazy\" decoding=\"async\" width=\"612\" height=\"427\" class=\"wp-block-cover__image-background wp-image-6\" alt=\"\" src=\"https:\/\/www.gis-hub.uzh.ch\/wp-content\/uploads\/2022\/09\/blog-pexels-joshua-woroniecki-4491499_small.jpg\" data-object-fit=\"cover\" srcset=\"https:\/\/www.gis-hub.uzh.ch\/wp-content\/uploads\/2022\/09\/blog-pexels-joshua-woroniecki-4491499_small.jpg 612w, https:\/\/www.gis-hub.uzh.ch\/wp-content\/uploads\/2022\/09\/blog-pexels-joshua-woroniecki-4491499_small-300x209.jpg 300w, https:\/\/www.gis-hub.uzh.ch\/wp-content\/uploads\/2022\/09\/blog-pexels-joshua-woroniecki-4491499_small-18x12.jpg 18w\" sizes=\"auto, (max-width: 612px) 100vw, 612px\" \/><span aria-hidden=\"true\" class=\"wp-block-cover__background has-background-dim-20 has-background-dim\" style=\"background-color:#717572\"><\/span><div class=\"wp-block-cover__inner-container is-layout-flow wp-block-cover-is-layout-flow\">\n<p class=\"has-text-align-right has-background-color has-text-color has-huge-font-size\" style=\"font-style:normal;font-weight:800;letter-spacing:2.5px\"><strong><mark style=\"background-color:rgba(0, 0, 0, 0)\" class=\"has-inline-color has-background-color\">Blog<\/mark><\/strong><\/p>\n<\/div><a href=\"https:\/\/www.gis-hub.uzh.ch\/de\/blog\/\" class=\"editorskit-block-link\" rel=\"\"><\/a><\/div>\n<\/div>\n<\/div>\n\n\n\n<div class=\"wp-block-columns editorskit-no-desktop editorskit-no-tablet editorskit-no-mobile is-layout-flex wp-container-core-columns-is-layout-28f84493 wp-block-columns-is-layout-flex\">\n<div class=\"wp-block-column is-layout-flow wp-block-column-is-layout-flow\"><\/div>\n\n\n\n<div class=\"wp-block-column is-layout-flow wp-block-column-is-layout-flow\">\n<div class=\"wp-block-cover is-light ek-linked-block\" style=\"min-height:200px;aspect-ratio:unset;\"><img loading=\"lazy\" decoding=\"async\" width=\"627\" height=\"418\" class=\"wp-block-cover__image-background wp-image-173\" alt=\"\" src=\"https:\/\/gis-hub.whp.uzh.ch\/wp-content\/uploads\/2022\/08\/pexels-leah-kelley-3935702_small-1.jpg\" data-object-fit=\"cover\" srcset=\"https:\/\/www.gis-hub.uzh.ch\/wp-content\/uploads\/2022\/08\/pexels-leah-kelley-3935702_small-1.jpg 627w, https:\/\/www.gis-hub.uzh.ch\/wp-content\/uploads\/2022\/08\/pexels-leah-kelley-3935702_small-1-300x200.jpg 300w, https:\/\/www.gis-hub.uzh.ch\/wp-content\/uploads\/2022\/08\/pexels-leah-kelley-3935702_small-1-18x12.jpg 18w\" sizes=\"auto, (max-width: 627px) 100vw, 627px\" \/><span aria-hidden=\"true\" class=\"wp-block-cover__background has-background-dim-0 has-background-dim\"><\/span><div class=\"wp-block-cover__inner-container is-layout-flow wp-block-cover-is-layout-flow\">\n<p class=\"has-text-align-center has-background-color has-text-color has-huge-font-size\" style=\"font-style:normal;font-weight:800;letter-spacing:3px\">FAQ<\/p>\n<\/div><a href=\"https:\/\/www.gis-hub.uzh.ch\/de\/faq\/\" class=\"editorskit-block-link\" rel=\"\"><\/a><\/div>\n<\/div>\n<\/div>\n\n\n\n<p class=\"translation-block\">Der GIS Hub wird als Projekt von der <a href=\"https:\/\/www.dsi.uzh.ch\/de.html\" target=\"_blank\" aria-label=\"Digital Society Initiative (DSI) (opens in a new tab)\" rel=\"noreferrer noopener\" class=\"ek-link\">Digital Society Initiative (DSI)<\/a> finanziert. GIS steht f\u00fcr Geografisches Informationssystem. Der Hub organisiert Kurse und bietet individuelle Beratung und Unterst\u00fctzung f\u00fcr Studierende und Forschende an der UZH, die das volle Potenzial ihrer geografischen Daten aussch\u00f6pfen wollen. Unsere Dienstleistungen richten sich insbesondere an die Sozial- und Geisteswissenschaften, sind aber f\u00fcr alle Disziplinen verf\u00fcgbar.<\/p>\n\n\n\n<p class=\"translation-block\">Wir, das <a href=\"https:\/\/www.gis-hub.uzh.ch\/de\/about\/\" class=\"ek-link\" target=\"_self\">GIS Hub Team<\/a>, unterst\u00fctzen Sie beim Start mit GIS. Wir helfen Ihnen, bestehende geografische Daten f\u00fcr Ihr Projekt zu finden. Wir machen Ihnen Vorschl\u00e4ge, wie Sie Ihre Daten mit dem Raum verkn\u00fcpfen k\u00f6nnen oder welche Techniken sich eignen w\u00fcrden, um Ihre Daten zu analyiseren und visualisieren, ob auf Papier oder online. Wir f\u00fchren sogar kleine Projekte f\u00fcr Sie aus, kostenlos!<\/p>\n\n\n\n<p class=\"translation-block\"><a href=\"https:\/\/www.gis-hub.uzh.ch\/de\/contact\/\" class=\"ek-link\" target=\"_self\">Kontaktieren Sie uns<\/a> und finden Sie mehr \u00fcber unsere Dienstleistungen heraus. Wir freuen uns, von Ihnen zu h\u00f6ren!<\/p>\n\n\n\n<div class=\"wp-block-columns is-layout-flex wp-container-core-columns-is-layout-28f84493 wp-block-columns-is-layout-flex\">\n<div class=\"wp-block-column is-layout-flow wp-block-column-is-layout-flow\"><\/div>\n\n\n\n<div class=\"wp-block-column is-layout-flow wp-block-column-is-layout-flow\"><\/div>\n<\/div>\n\n\n\n<p><\/p>","protected":false},"excerpt":{"rendered":"<p>Welcome to the GIS Hub! Do you work with sources that include information about locations? Do you have questions that relate to where things are? You&#8217;re not sure how to<a class=\"more-link\" href=\"https:\/\/www.gis-hub.uzh.ch\/de\/\"><span class=\"screen-reader-text\">&#8220;Home&#8221;<\/span> weiterlesen<\/a><\/p>","protected":false},"author":1,"featured_media":0,"parent":0,"menu_order":0,"comment_status":"closed","ping_status":"closed","template":"","meta":{"_editorskit_title_hidden":true,"_editorskit_reading_time":1,"_editorskit_is_block_options_detached":false,"_editorskit_block_options_position":"{}","footnotes":""},"class_list":["post-317","page","type-page","status-publish","hentry","entry"],"featured_image_src":null,"_links":{"self":[{"href":"https:\/\/www.gis-hub.uzh.ch\/de\/wp-json\/wp\/v2\/pages\/317","targetHints":{"allow":["GET"]}}],"collection":[{"href":"https:\/\/www.gis-hub.uzh.ch\/de\/wp-json\/wp\/v2\/pages"}],"about":[{"href":"https:\/\/www.gis-hub.uzh.ch\/de\/wp-json\/wp\/v2\/types\/page"}],"author":[{"embeddable":true,"href":"https:\/\/www.gis-hub.uzh.ch\/de\/wp-json\/wp\/v2\/users\/1"}],"replies":[{"embeddable":true,"href":"https:\/\/www.gis-hub.uzh.ch\/de\/wp-json\/wp\/v2\/comments?post=317"}],"version-history":[{"count":120,"href":"https:\/\/www.gis-hub.uzh.ch\/de\/wp-json\/wp\/v2\/pages\/317\/revisions"}],"predecessor-version":[{"id":2028,"href":"https:\/\/www.gis-hub.uzh.ch\/de\/wp-json\/wp\/v2\/pages\/317\/revisions\/2028"}],"wp:attachment":[{"href":"https:\/\/www.gis-hub.uzh.ch\/de\/wp-json\/wp\/v2\/media?parent=317"}],"curies":[{"name":"wp","href":"https:\/\/api.w.org\/{rel}","templated":true}]}}